{"id":3190,"date":"2025-08-23T20:54:37","date_gmt":"2025-08-23T18:54:37","guid":{"rendered":"https:\/\/gigistravelworld.de\/?post_type=product&#038;p=3190"},"modified":"2026-03-13T18:05:56","modified_gmt":"2026-03-13T17:05:56","slug":"hyaluron-tag-nachtcreme","status":"publish","type":"product","link":"https:\/\/gigistravelworld.de\/fr\/hyaluron-tag-nachtcreme\/","title":{"rendered":"Cr\u00e8me de jour et de nuit \u00e0 l&#039;acide hyaluronique | Hydratation intense"},"content":{"rendered":"<div id=\"headingOne\" class=\"panel-heading\" role=\"tab\">\n<h1 data-path-to-node=\"9\">Cr\u00e8me de jour et de nuit \u00e0 l&#039;acide hyaluronique : Hydratation maximale gr\u00e2ce \u00e0 un soin intelligent<\/h1>\n<p data-path-to-node=\"10\">La vraie beaut\u00e9 a besoin de bases solides. Avec ma <b data-path-to-node=\"10\" data-index-in-node=\"54\">Cr\u00e8me de jour et de nuit \u00e0 l&#039;acide hyaluronique<\/b> Je vous propose \u00e0 <b data-path-to-node=\"10\" data-index-in-node=\"99\">Gigis Travel World<\/b> Il offre des soins haute performance qui vont bien au-del\u00e0 d&#039;une simple cr\u00e8me hydratante. La cl\u00e9 r\u00e9side dans son syst\u00e8me multi-\u00e9tapes. <a class=\"ng-star-inserted\" href=\"https:\/\/de.wikipedia.org\/wiki\/Hyalurons%C3%A4ure\" target=\"_blank\" rel=\"noopener nofollow\" data-hveid=\"0\" data-ved=\"0CAAQ_4QMahgKEwixjvTKhJ2TAxUAAAAAHQAAAAAQ1wg\">acide hyaluronique<\/a>Les principes actifs sont lib\u00e9r\u00e9s progressivement, assurant ainsi une nutrition optimale de votre peau pendant des heures. <b data-path-to-node=\"10\" data-index-in-node=\"373\">47,50 \u20ac<\/b> Ici, vous pouvez vous procurer un produit authentique et haut de gamme de Vegas Cosmetics.<\/p>\n<h2 data-path-to-node=\"11\">Protection et souplesse gr\u00e2ce \u00e0 l&#039;huile de p\u00e9pins de raisin et au squalane<\/h2>\n<p data-path-to-node=\"12\">Que signifie mon <b data-path-to-node=\"12\" data-index-in-node=\"16\">Cr\u00e8me de jour et de nuit \u00e0 l&#039;acide hyaluronique<\/b> Qu\u2019est-ce qui la rend si pr\u00e9cieuse\u00a0? Outre l\u2019acide hyaluronique, sa formule contient de la pr\u00e9cieuse huile de p\u00e9pins de raisin, extr\u00eamement riche en antioxydants. Associ\u00e9e \u00e0 l\u2019huile de jojoba et au squalane, elle prot\u00e8ge la peau. <b data-path-to-node=\"12\" data-index-in-node=\"225\">Cr\u00e8me de jour et de nuit \u00e0 l&#039;acide hyaluronique<\/b> Elle prot\u00e8ge votre peau des agressions ext\u00e9rieures et pr\u00e9serve son \u00e9lasticit\u00e9 naturelle. Votre peau sera plus belle et plus douce avec une utilisation r\u00e9guli\u00e8re. <b data-path-to-node=\"12\" data-index-in-node=\"380\">Cr\u00e8me de jour et de nuit \u00e0 l&#039;acide hyaluronique<\/b> Instantan\u00e9ment plus pulpeuse, plus ferme et visiblement plus lisse.<\/p>\n<h2 data-path-to-node=\"13\">Ma routine quotidienne : une cr\u00e8me de jour et de nuit \u00e0 l&#039;acide hyaluronique en touche finale.<\/h2>\n<p data-path-to-node=\"14\">Dans mon <a class=\"ng-star-inserted\" href=\"https:\/\/gigistravelworld.de\/fr\/gigis-travel-world-ueber-mich\/\" target=\"_blank\" rel=\"noopener\" data-hveid=\"0\" data-ved=\"0CAAQ_4QMahgKEwixjvTKhJ2TAxUAAAAAHQAAAAAQ2Ag\">Style de vie professionnel<\/a> J&#039;accorde une grande importance aux produits qui fonctionnent r\u00e9ellement. <b data-path-to-node=\"14\" data-index-in-node=\"96\">Cr\u00e8me de jour et de nuit \u00e0 l&#039;acide hyaluronique<\/b> Pour moi, c&#039;est la deuxi\u00e8me \u00e9tape essentielle. Apr\u00e8s avoir appliqu\u00e9 le s\u00e9rum, je masse le <b data-path-to-node=\"14\" data-index-in-node=\"228\">Cr\u00e8me de jour et de nuit \u00e0 l&#039;acide hyaluronique<\/b> Je l&#039;applique matin et soir en douceur. Elle p\u00e9n\u00e8tre parfaitement et laisse une sensation soyeuse sans \u00eatre grasse. J&#039;ai confiance en cette formule innovante et je la recommande. <b data-path-to-node=\"14\" data-index-in-node=\"422\">Cr\u00e8me de jour et de nuit \u00e0 l&#039;acide hyaluronique<\/b> Pour celles et ceux qui souhaitent raviver leur beaut\u00e9 de jeunesse. Commandez votre cr\u00e8me directement aupr\u00e8s de moi, juste ici\u00a0!<\/p>\n<\/div>","protected":false},"excerpt":{"rendered":"<p data-path-to-node=\"4\"><b data-path-to-node=\"4\" data-index-in-node=\"0\">R\u00e9activez l&#039;\u00e9clat de votre jeunesse : Ma cr\u00e8me de jour et de nuit \u00e0 l&#039;acide hyaluronique.<\/b><\/p>\n<p data-path-to-node=\"5\">B\u00e9n\u00e9ficiez de soins qui anticipent vos besoins. <b data-path-to-node=\"5\" data-index-in-node=\"40\">Cr\u00e8me de jour et de nuit \u00e0 l&#039;acide hyaluronique<\/b> Vegas Cosmetics utilise un syst\u00e8me intelligent \u00e0 plusieurs \u00e9tapes pour lib\u00e9rer progressivement l&#039;acide hyaluronique dans les diff\u00e9rentes couches de votre peau. Enrichie en pr\u00e9cieuses huiles de p\u00e9pins de raisin, de jojoba et en squalane, cette formule hydrate intens\u00e9ment votre peau et la prot\u00e8ge efficacement des radicaux libres. R\u00e9sultat\u00a0? Une peau visiblement plus lisse, repulp\u00e9e et raffermie, jour et nuit.<\/p>\n<ul data-path-to-node=\"6\">\n<li>\n<p data-path-to-node=\"6,0,0\">\u2705 <b data-path-to-node=\"6,0,0\" data-index-in-node=\"2\">Produit:<\/b> Cr\u00e8me de jour et de nuit \u00e0 l&#039;acide hyaluronique (50 ml)<\/p>\n<\/li>\n<li>\n<p data-path-to-node=\"6,1,0\">\u2705 <b data-path-to-node=\"6,1,0\" data-index-in-node=\"2\">Effet:<\/b> Lib\u00e9ration prolong\u00e9e d&#039;acide hyaluronique pour une hydratation longue dur\u00e9e<\/p>\n<\/li>\n<li>\n<p data-path-to-node=\"6,2,0\">\u2705 <b data-path-to-node=\"6,2,0\" data-index-in-node=\"2\">Ingr\u00e9dients:<\/b> Riche en antioxydants gr\u00e2ce \u00e0 l&#039;huile de p\u00e9pins de raisin et au squalane<\/p>\n<\/li>\n<li>\n<p data-path-to-node=\"6,3,0\">\u2705 <b data-path-to-node=\"6,3,0\" data-index-in-node=\"2\">R\u00e9sultat:<\/b> R\u00e9active la beaut\u00e9 de jeunesse de votre peau<\/p>\n<\/li>\n<li>\n<p data-path-to-node=\"6,4,0\">\u2705 <b data-path-to-node=\"6,4,0\" data-index-in-node=\"2\">Prix : 47,50 \u20ac<\/b><\/p>\n<\/li>\n<\/ul>","protected":false},"featured_media":332,"template":"","meta":{"_et_pb_use_builder":"","_et_pb_old_content":"","_et_gb_content_width":""},"product_brand":[63],"product_cat":[60,103,208,74,107,99,61,98],"product_tag":[],"class_list":{"0":"post-3190","1":"product","2":"type-product","3":"status-publish","4":"has-post-thumbnail","6":"product_brand-vegas-cosmetics-gmbh","7":"product_cat-hautpflege","8":"product_cat-anti-aging","9":"product_cat-beauty-care","10":"product_cat-gesichtspflege","11":"product_cat-hyaluron-care","12":"product_cat-nachtpflege","13":"product_cat-pflegeserien","14":"product_cat-tagespflege","16":"first","17":"instock","18":"shipping-taxable","19":"product-type-external"},"_links":{"self":[{"href":"https:\/\/gigistravelworld.de\/fr\/wp-json\/wp\/v2\/product\/3190","targetHints":{"allow":["GET"]}}],"collection":[{"href":"https:\/\/gigistravelworld.de\/fr\/wp-json\/wp\/v2\/product"}],"about":[{"href":"https:\/\/gigistravelworld.de\/fr\/wp-json\/wp\/v2\/types\/product"}],"wp:featuredmedia":[{"embeddable":true,"href":"https:\/\/gigistravelworld.de\/fr\/wp-json\/wp\/v2\/media\/332"}],"wp:attachment":[{"href":"https:\/\/gigistravelworld.de\/fr\/wp-json\/wp\/v2\/media?parent=3190"}],"wp:term":[{"taxonomy":"product_brand","embeddable":true,"href":"https:\/\/gigistravelworld.de\/fr\/wp-json\/wp\/v2\/product_brand?post=3190"},{"taxonomy":"product_cat","embeddable":true,"href":"https:\/\/gigistravelworld.de\/fr\/wp-json\/wp\/v2\/product_cat?post=3190"},{"taxonomy":"product_tag","embeddable":true,"href":"https:\/\/gigistravelworld.de\/fr\/wp-json\/wp\/v2\/product_tag?post=3190"}],"curies":[{"name":"wp","href":"https:\/\/api.w.org\/{rel}","templated":true}]}}