{"id":3189,"date":"2025-08-23T20:54:37","date_gmt":"2025-08-23T18:54:37","guid":{"rendered":"https:\/\/gigistravelworld.de\/?post_type=product&#038;p=3189"},"modified":"2026-03-13T17:57:07","modified_gmt":"2026-03-13T16:57:07","slug":"hyaluron-lifting-tag-nacht-serum","status":"publish","type":"product","link":"https:\/\/gigistravelworld.de\/fr\/hyaluron-lifting-tag-nacht-serum\/","title":{"rendered":"S\u00e9rum liftant jour et nuit \u00e0 l&#039;acide hyaluronique | Effet liftant instantan\u00e9"},"content":{"rendered":"<div id=\"headingOne\" class=\"panel-heading\" role=\"tab\">\n<h1 data-path-to-node=\"9\">S\u00e9rum liftant jour et nuit \u00e0 l&#039;acide hyaluronique\u00a0: raffermissement visible pour les exigences les plus \u00e9lev\u00e9es<\/h1>\n<p data-path-to-node=\"10\">En mati\u00e8re de lutte contre le vieillissement, je ne fais aucun compromis. <b data-path-to-node=\"10\" data-index-in-node=\"62\">S\u00e9rum liftant \u00e0 l&#039;acide hyaluronique Jour et Nuit<\/b> Voici la solution id\u00e9ale pour celles et ceux qui souhaitent une peau plus ferme et plus lisse sans envisager imm\u00e9diatement une intervention chirurgicale. Disponible dans ma boutique. <b data-path-to-node=\"10\" data-index-in-node=\"249\">Gigis Travel World<\/b> J&#039;ai d\u00e9lib\u00e9r\u00e9ment choisi ce s\u00e9rum pour vous car il impressionne par sa double action : il repulpe de l&#039;int\u00e9rieur et raffermit de l&#039;ext\u00e9rieur. <b data-path-to-node=\"10\" data-index-in-node=\"422\">41,50 \u20ac<\/b> Vous b\u00e9n\u00e9ficierez ici de soins hautement sp\u00e9cialis\u00e9s qui font toute la diff\u00e9rence.<\/p>\n<h2 data-path-to-node=\"11\">Le secret de la matrice raffermissante de mon s\u00e9rum<\/h2>\n<p data-path-to-node=\"12\">Qu&#039;est-ce que cela produit ? <b data-path-to-node=\"12\" data-index-in-node=\"14\">S\u00e9rum liftant \u00e0 l&#039;acide hyaluronique Jour et Nuit<\/b> Si sp\u00e9cial ? La cl\u00e9 r\u00e9side dans la combinaison de <a class=\"ng-star-inserted\" href=\"https:\/\/de.wikipedia.org\/wiki\/Hyalurons%C3%A4ure\" target=\"_blank\" rel=\"noopener nofollow\" data-hveid=\"0\" data-ved=\"0CAAQ_4QMahgKEwixjvTKhJ2TAxUAAAAAHQAAAAAQnwg\">acide hyaluronique<\/a> et un polym\u00e8re naturel innovant. Tandis que l&#039;acide hyaluronique p\u00e9n\u00e8tre dans les couches profondes de la peau gr\u00e2ce \u00e0 un syst\u00e8me intelligent en plusieurs \u00e9tapes, l&#039;ingr\u00e9dient actif polym\u00e8re forme une matrice raffermissante invisible en surface. <b data-path-to-node=\"12\" data-index-in-node=\"366\">S\u00e9rum liftant \u00e0 l&#039;acide hyaluronique Jour et Nuit<\/b> Elle p\u00e9n\u00e8tre rapidement et rend la peau plus ferme et plus d\u00e9finie imm\u00e9diatement apr\u00e8s l&#039;application.<\/p>\n<h2 data-path-to-node=\"13\">Mon produit chouchou : le s\u00e9rum liftant jour et nuit \u00e0 l&#039;acide hyaluronique<\/h2>\n<p data-path-to-node=\"14\">Dans mon <a class=\"ng-star-inserted\" href=\"https:\/\/gigistravelworld.de\/fr\/gigis-travel-world-ueber-mich\/\" target=\"_blank\" rel=\"noopener\" data-hveid=\"0\" data-ved=\"0CAAQ_4QMahgKEwixjvTKhJ2TAxUAAAAAHQAAAAAQoAg\">Style de vie professionnel<\/a> Une expression vivante et fra\u00eeche est essentielle. <b data-path-to-node=\"14\" data-index-in-node=\"84\">S\u00e9rum liftant \u00e0 l&#039;acide hyaluronique Jour et Nuit<\/b> C&#039;est mon soin booster quotidien, \u00e0 appliquer avant ma routine de soins habituelle. Je l&#039;applique avec parcimonie matin et soir sur une peau propre et l\u00e9g\u00e8rement humide. Cela permet une absorption optimale des actifs. Je fais confiance \u00e0 la formule sans parab\u00e8nes de Vegas Cosmetics et je recommande d&#039;utiliser ce s\u00e9rum r\u00e9guli\u00e8rement pour pr\u00e9server l&#039;\u00e9lasticit\u00e9 de votre peau sur le long terme.<\/p>\n<\/div>","protected":false},"excerpt":{"rendered":"<p data-path-to-node=\"4\"><b data-path-to-node=\"4\" data-index-in-node=\"0\">Votre lifting en flacon : Mon s\u00e9rum liftant jour et nuit \u00e0 l&#039;acide hyaluronique.<\/b><\/p>\n<p data-path-to-node=\"5\">D\u00e9couvrez une nouvelle dimension du raffermissement cutan\u00e9. <b data-path-to-node=\"5\" data-index-in-node=\"51\">S\u00e9rum liftant \u00e0 l&#039;acide hyaluronique Jour et Nuit<\/b> Le s\u00e9rum multi-actif de Vegas Cosmetics repulpe et raffermit visiblement votre peau instantan\u00e9ment. Gr\u00e2ce \u00e0 un syst\u00e8me intelligent en plusieurs \u00e9tapes, ce s\u00e9rum hydrate intens\u00e9ment votre peau, tandis qu&#039;un polym\u00e8re naturel actif agit comme un lifting invisible. Des contours redessin\u00e9s et un teint \u00e9clatant de jeunesse, sans chirurgie et sans parab\u00e8nes.<\/p>\n<ul data-path-to-node=\"6\">\n<li>\n<p data-path-to-node=\"6,0,0\">\u2705 <b data-path-to-node=\"6,0,0\" data-index-in-node=\"2\">Produit:<\/b> S\u00e9rum liftant jour et nuit \u00e0 l&#039;acide hyaluronique (30 ml)<\/p>\n<\/li>\n<li>\n<p data-path-to-node=\"6,1,0\">\u2705 <b data-path-to-node=\"6,1,0\" data-index-in-node=\"2\">Souligner:<\/b> Effet liftant instantan\u00e9 gr\u00e2ce \u00e0 une matrice raffermissante<\/p>\n<\/li>\n<li>\n<p data-path-to-node=\"6,2,0\">\u2705 <b data-path-to-node=\"6,2,0\" data-index-in-node=\"2\">Humidit\u00e9:<\/b> Acide hyaluronique multi-\u00e9tapes pour un remplissage maximal du r\u00e9servoir<\/p>\n<\/li>\n<li>\n<p data-path-to-node=\"6,3,0\">\u2705 <b data-path-to-node=\"6,3,0\" data-index-in-node=\"2\">Puret\u00e9:<\/b> 0 % Parab\u00e8nes<\/p>\n<\/li>\n<li>\n<p data-path-to-node=\"6,4,0\">\u2705 <b data-path-to-node=\"6,4,0\" data-index-in-node=\"2\">Prix : 41,50 \u20ac<\/b><\/p>\n<\/li>\n<\/ul>","protected":false},"featured_media":331,"template":"","meta":{"_et_pb_use_builder":"","_et_pb_old_content":"","_et_gb_content_width":""},"product_brand":[63],"product_cat":[60,103,208,74,107,61,100],"product_tag":[],"class_list":{"0":"post-3189","1":"product","2":"type-product","3":"status-publish","4":"has-post-thumbnail","6":"product_brand-vegas-cosmetics-gmbh","7":"product_cat-hautpflege","8":"product_cat-anti-aging","9":"product_cat-beauty-care","10":"product_cat-gesichtspflege","11":"product_cat-hyaluron-care","12":"product_cat-pflegeserien","13":"product_cat-seren","15":"first","16":"instock","17":"shipping-taxable","18":"product-type-external"},"_links":{"self":[{"href":"https:\/\/gigistravelworld.de\/fr\/wp-json\/wp\/v2\/product\/3189","targetHints":{"allow":["GET"]}}],"collection":[{"href":"https:\/\/gigistravelworld.de\/fr\/wp-json\/wp\/v2\/product"}],"about":[{"href":"https:\/\/gigistravelworld.de\/fr\/wp-json\/wp\/v2\/types\/product"}],"wp:featuredmedia":[{"embeddable":true,"href":"https:\/\/gigistravelworld.de\/fr\/wp-json\/wp\/v2\/media\/331"}],"wp:attachment":[{"href":"https:\/\/gigistravelworld.de\/fr\/wp-json\/wp\/v2\/media?parent=3189"}],"wp:term":[{"taxonomy":"product_brand","embeddable":true,"href":"https:\/\/gigistravelworld.de\/fr\/wp-json\/wp\/v2\/product_brand?post=3189"},{"taxonomy":"product_cat","embeddable":true,"href":"https:\/\/gigistravelworld.de\/fr\/wp-json\/wp\/v2\/product_cat?post=3189"},{"taxonomy":"product_tag","embeddable":true,"href":"https:\/\/gigistravelworld.de\/fr\/wp-json\/wp\/v2\/product_tag?post=3189"}],"curies":[{"name":"wp","href":"https:\/\/api.w.org\/{rel}","templated":true}]}}