{"id":3188,"date":"2025-08-23T20:54:37","date_gmt":"2025-08-23T18:54:37","guid":{"rendered":"https:\/\/gigistravelworld.de\/?post_type=product&#038;p=3188"},"modified":"2026-03-13T17:49:00","modified_gmt":"2026-03-13T16:49:00","slug":"hyaluron-reinigungsschaum","status":"publish","type":"product","link":"https:\/\/gigistravelworld.de\/fr\/hyaluron-reinigungsschaum\/","title":{"rendered":"Mousse nettoyante \u00e0 l&#039;acide hyaluronique | Nettoyage doux et hydratation"},"content":{"rendered":"<div id=\"headingOne\" class=\"panel-heading\" role=\"tab\">\n<h1 data-path-to-node=\"9\">Mousse nettoyante \u00e0 l&#039;acide hyaluronique : Nettoyage doux sans dess\u00e9cher la peau<\/h1>\n<p data-path-to-node=\"10\">Une bonne routine de soins de la peau commence toujours par une bonne base. Avec ma <b data-path-to-node=\"10\" data-index-in-node=\"71\">mousse nettoyante \u00e0 l&#039;acide hyaluronique<\/b> Je vous propose une solution qui allie nettoyage en profondeur et soin intensif. Sa mousse onctueuse p\u00e9n\u00e8tre au c\u0153ur des pores pour \u00e9liminer en douceur les impuret\u00e9s et les r\u00e9sidus du quotidien. Son atout\u00a0: le soin inclus <a class=\"ng-star-inserted\" href=\"https:\/\/de.wikipedia.org\/wiki\/Hyalurons%C3%A4ure\" target=\"_blank\" rel=\"noopener nofollow\" data-hveid=\"0\" data-ved=\"0CAAQ_4QMahgKEwixjvTKhJ2TAxUAAAAAHQAAAAAQ5wc\">acide hyaluronique<\/a> Garantit que votre peau ne se d\u00e9shydrate pas pendant le processus. <b data-path-to-node=\"10\" data-index-in-node=\"425\">Gigis Travel World<\/b> La qualit\u00e9 est primordiale \u2013 c\u2019est pourquoi je fais confiance \u00e0 cette mousse professionnelle pour <b data-path-to-node=\"10\" data-index-in-node=\"527\">29,90 \u20ac<\/b>.<\/p>\n<h2 data-path-to-node=\"11\">Pourquoi l&#039;acide hyaluronique dans la mousse nettoyante fait toute la diff\u00e9rence<\/h2>\n<p data-path-to-node=\"12\">Ma peau est souvent s\u00e8che et tiraille apr\u00e8s le lavage. <b data-path-to-node=\"12\" data-index-in-node=\"71\">mousse nettoyante \u00e0 l&#039;acide hyaluronique<\/b> Cela emp\u00eache pr\u00e9cis\u00e9ment cela. L&#039;acide hyaluronique est un composant naturel de notre tissu conjonctif et peut retenir d&#039;\u00e9normes quantit\u00e9s d&#039;eau. Dans mon <b data-path-to-node=\"12\" data-index-in-node=\"232\">mousse nettoyante \u00e0 l&#039;acide hyaluronique<\/b> Cet actif contribue \u00e0 maintenir l&#039;hydratation de votre peau. R\u00e9sultat\u00a0: une peau visiblement plus lisse et plus souple imm\u00e9diatement apr\u00e8s application.<\/p>\n<h2 data-path-to-node=\"13\">Mon rituel de fra\u00eecheur personnel avec la mousse nettoyante \u00e0 l&#039;acide hyaluronique<\/h2>\n<p data-path-to-node=\"14\">Dans mon <a class=\"ng-star-inserted\" href=\"https:\/\/gigistravelworld.de\/fr\/gigis-travel-world-ueber-mich\/\" target=\"_blank\" rel=\"noopener\" data-hveid=\"0\" data-ved=\"0CAAQ_4QMahgKEwixjvTKhJ2TAxUAAAAAHQAAAAAQ6Ac\">Style de vie professionnel<\/a> Le temps est pr\u00e9cieux, mais je ne n\u00e9glige jamais mes soins de la peau. <b data-path-to-node=\"14\" data-index-in-node=\"97\">mousse nettoyante \u00e0 l&#039;acide hyaluronique<\/b> C&#039;est mon produit chouchou pour bien commencer la journ\u00e9e. Matin et soir, j&#039;applique une petite quantit\u00e9 de mousse en massant d\u00e9licatement ma peau humide et j&#039;appr\u00e9cie sa texture onctueuse. Apr\u00e8s rin\u00e7age, mon visage est instantan\u00e9ment frais et parfaitement hydrat\u00e9. Je fais confiance \u00e0 la fabrication europ\u00e9enne de Vegas Cosmetics et je vous invite \u00e0 d\u00e9couvrir par vous-m\u00eame cette diff\u00e9rence luxueuse. <b data-path-to-node=\"14\" data-index-in-node=\"506\">mousse nettoyante \u00e0 l&#039;acide hyaluronique<\/b> pour en faire l&#039;exp\u00e9rience par soi-m\u00eame.<\/p>\n<\/div>","protected":false},"excerpt":{"rendered":"<p data-path-to-node=\"4\"><b data-path-to-node=\"4\" data-index-in-node=\"0\">Nettoyage en profondeur des pores et hydratation intense : Ma mousse nettoyante \u00e0 l&#039;acide hyaluronique.<\/b><\/p>\n<p data-path-to-node=\"5\">Offrez \u00e0 votre peau une exp\u00e9rience de nettoyage qui fait plus. <b data-path-to-node=\"5\" data-index-in-node=\"53\">mousse nettoyante \u00e0 l&#039;acide hyaluronique<\/b> Vegas Cosmetics \u00e9limine en douceur les impuret\u00e9s et les r\u00e9sidus sans alt\u00e9rer la barri\u00e8re protectrice de votre peau. L&#039;acide hyaluronique qu&#039;il contient contribue \u00e0 pr\u00e9server l&#039;hydratation de votre peau pendant le lavage. Une texture onctueuse pour une sensation de fra\u00eecheur et de peau repulp\u00e9e, matin et soir.<\/p>\n<ul data-path-to-node=\"6\">\n<li>\n<p data-path-to-node=\"6,0,0\">\u2705 <b data-path-to-node=\"6,0,0\" data-index-in-node=\"2\">Produit:<\/b> Mousse nettoyante \u00e0 l&#039;acide hyaluronique (150 ml)<\/p>\n<\/li>\n<li>\n<p data-path-to-node=\"6,1,0\">\u2705 <b data-path-to-node=\"6,1,0\" data-index-in-node=\"2\">Effet:<\/b> Nettoyage doux et protection hydratante intensive<\/p>\n<\/li>\n<li>\n<p data-path-to-node=\"6,2,0\">\u2705 <b data-path-to-node=\"6,2,0\" data-index-in-node=\"2\">Type de peau :<\/b> Convient \u00e0 tous les types de peau, id\u00e9al pour les premi\u00e8res rides.<\/p>\n<\/li>\n<li>\n<p data-path-to-node=\"6,3,0\">\u2705 <b data-path-to-node=\"6,3,0\" data-index-in-node=\"2\">Texture:<\/b> Mousse particuli\u00e8rement onctueuse et moelleuse<\/p>\n<\/li>\n<li>\n<p data-path-to-node=\"6,4,0\">\u2705 <b data-path-to-node=\"6,4,0\" data-index-in-node=\"2\">Prix : 29,90 \u20ac<\/b><\/p>\n<\/li>\n<\/ul>","protected":false},"featured_media":330,"template":"","meta":{"_et_pb_use_builder":"","_et_pb_old_content":"","_et_gb_content_width":""},"product_brand":[63],"product_cat":[60,103,208,74,97,107,61],"product_tag":[],"class_list":{"0":"post-3188","1":"product","2":"type-product","3":"status-publish","4":"has-post-thumbnail","6":"product_brand-vegas-cosmetics-gmbh","7":"product_cat-hautpflege","8":"product_cat-anti-aging","9":"product_cat-beauty-care","10":"product_cat-gesichtspflege","11":"product_cat-hautreinigung","12":"product_cat-hyaluron-care","13":"product_cat-pflegeserien","15":"first","16":"instock","17":"shipping-taxable","18":"product-type-external"},"_links":{"self":[{"href":"https:\/\/gigistravelworld.de\/fr\/wp-json\/wp\/v2\/product\/3188","targetHints":{"allow":["GET"]}}],"collection":[{"href":"https:\/\/gigistravelworld.de\/fr\/wp-json\/wp\/v2\/product"}],"about":[{"href":"https:\/\/gigistravelworld.de\/fr\/wp-json\/wp\/v2\/types\/product"}],"wp:featuredmedia":[{"embeddable":true,"href":"https:\/\/gigistravelworld.de\/fr\/wp-json\/wp\/v2\/media\/330"}],"wp:attachment":[{"href":"https:\/\/gigistravelworld.de\/fr\/wp-json\/wp\/v2\/media?parent=3188"}],"wp:term":[{"taxonomy":"product_brand","embeddable":true,"href":"https:\/\/gigistravelworld.de\/fr\/wp-json\/wp\/v2\/product_brand?post=3188"},{"taxonomy":"product_cat","embeddable":true,"href":"https:\/\/gigistravelworld.de\/fr\/wp-json\/wp\/v2\/product_cat?post=3188"},{"taxonomy":"product_tag","embeddable":true,"href":"https:\/\/gigistravelworld.de\/fr\/wp-json\/wp\/v2\/product_tag?post=3188"}],"curies":[{"name":"wp","href":"https:\/\/api.w.org\/{rel}","templated":true}]}}