{"id":3187,"date":"2025-08-23T20:54:36","date_gmt":"2025-08-23T18:54:36","guid":{"rendered":"https:\/\/gigistravelworld.de\/?post_type=product&#038;p=3187"},"modified":"2026-03-13T17:41:11","modified_gmt":"2026-03-13T16:41:11","slug":"curcuma-protect","status":"publish","type":"product","link":"https:\/\/gigistravelworld.de\/fr\/curcuma-protect\/","title":{"rendered":"G\u00e9lules de curcuma protecteur | \u00c9nergie et syst\u00e8me immunitaire"},"content":{"rendered":"<h1 data-path-to-node=\"10\">G\u00e9lules de curcuma protecteur : Pourquoi je fais confiance \u00e0 la racine dor\u00e9e<\/h1>\n<p data-path-to-node=\"11\">Dans les enseignements traditionnels indiens, <a class=\"ng-star-inserted\" href=\"https:\/\/de.wikipedia.org\/wiki\/Kurkuma\" target=\"_blank\" rel=\"noopener nofollow\" data-hveid=\"0\" data-ved=\"0CAAQ_4QMahgKEwixjvTKhJ2TAxUAAAAAHQAAAAAQrAc\">Curcuma Longa<\/a> V\u00e9n\u00e9r\u00e9e depuis des si\u00e8cles comme une v\u00e9ritable plante merveilleuse. Avec mon <b data-path-to-node=\"11\" data-index-in-node=\"124\">G\u00e9lules Curcuma Protect<\/b> Je vous propose ce savoir sous une forme hautement concentr\u00e9e. Chaque capsule contient de la poudre de racine de curcuma de qualit\u00e9 sup\u00e9rieure, enrichie d&#039;une s\u00e9lection cibl\u00e9e de vitamines. Disponible dans ma boutique. <b data-path-to-node=\"11\" data-index-in-node=\"362\">Gigis Travel World<\/b> Je vous propose ces exclusivit\u00e9s <b data-path-to-node=\"11\" data-index-in-node=\"412\">G\u00e9lules Curcuma Protect<\/b> pour seulement <b data-path-to-node=\"11\" data-index-in-node=\"444\">27,50 \u20ac<\/b> une qualit\u00e9 que l&#039;on peut ressentir.<\/p>\n<h2 data-path-to-node=\"12\">Bien plus que du curcuma : un complexe intelligent d&#039;ingr\u00e9dients actifs<\/h2>\n<p data-path-to-node=\"13\">Que signifie mon <b data-path-to-node=\"13\" data-index-in-node=\"16\">G\u00e9lules Curcuma Protect<\/b> Si sp\u00e9cial ? C&#039;est la combinaison ! Alors que beaucoup proposent de simples poudres, le <b data-path-to-node=\"13\" data-index-in-node=\"129\">G\u00e9lules Curcuma Protect<\/b> La synergie entre la vitamine B6 et la riboflavine (B2) est b\u00e9n\u00e9fique. La vitamine B6 qu&#039;il contient contribue au fonctionnement normal du syst\u00e8me immunitaire et \u00e0 la r\u00e9gulation de l&#039;activit\u00e9 hormonale. La riboflavine qu&#039;il contient\u2026 <b data-path-to-node=\"13\" data-index-in-node=\"352\">G\u00e9lules Curcuma Protect<\/b> Elle contribue non seulement au maintien d&#039;une peau et d&#039;une vue normales, mais aussi activement \u00e0 la r\u00e9duction de la fatigue.<\/p>\n<h2 data-path-to-node=\"14\">Mon coup de pouce \u00e9nerg\u00e9tique personnel\u00a0: les g\u00e9lules Curcuma Protect en voyage<\/h2>\n<p data-path-to-node=\"15\">Dans mon <a href=\"https:\/\/gigistravelworld.de\/fr\/gigis-travel-world-ueber-mich\/\" target=\"_blank\" rel=\"noopener\">Style de vie professionnel<\/a> Je suis souvent sollicit\u00e9 et j&#039;ai besoin de toute mon \u00e9nergie. <b data-path-to-node=\"15\" data-index-in-node=\"82\">G\u00e9lules Curcuma Protect<\/b> Elles me sont devenues indispensables pour maintenir l&#039;\u00e9quilibre de mon m\u00e9tabolisme \u00e9nerg\u00e9tique. Un avantage crucial de ma <b data-path-to-node=\"15\" data-index-in-node=\"236\">G\u00e9lules Curcuma Protect<\/b> Le secret r\u00e9side dans l&#039;ajout d&#039;extrait de poivre noir. La pip\u00e9rine qu&#039;il contient permet \u00e0 votre corps d&#039;assimiler le curcuma beaucoup plus efficacement. Je fais confiance \u00e0 cette formule bien pens\u00e9e de Vegas Cosmetics et je vous invite \u00e0 l&#039;essayer. <b data-path-to-node=\"15\" data-index-in-node=\"502\">G\u00e9lules Curcuma Protect<\/b> pour l&#039;essayer vous-m\u00eame.<\/p>","protected":false},"excerpt":{"rendered":"<p data-path-to-node=\"5\"><b data-path-to-node=\"5\" data-index-in-node=\"0\">Vitalit\u00e9 naturelle : Mes capsules Curcuma Protect pour vos journ\u00e9es actives.<\/b><\/p>\n<p data-path-to-node=\"6\">D\u00e9couvrez le pouvoir ancestral du curcuma alli\u00e9 \u00e0 la science moderne. <b data-path-to-node=\"6\" data-index-in-node=\"95\">G\u00e9lules Curcuma Protect<\/b> Ils vous apportent de nombreux bienfaits\u00a0: ils contribuent \u00e0 un m\u00e9tabolisme \u00e9nerg\u00e9tique normal, renforcent votre syst\u00e8me immunitaire et aident \u00e0 r\u00e9duire la fatigue quotidienne. Gr\u00e2ce \u00e0 la pip\u00e9rine du poivre noir, votre corps absorbe la curcumine de fa\u00e7on optimale. Un produit 100\u00a0% naturel, v\u00e9g\u00e9talien et sans gluten, que j\u2019ai personnellement s\u00e9lectionn\u00e9 pour vous.<\/p>\n<ul data-path-to-node=\"7\">\n<li>\n<p data-path-to-node=\"7,0,0\">\u2705 <b data-path-to-node=\"7,0,0\" data-index-in-node=\"2\">Produit:<\/b> G\u00e9lules Curcuma Protect (60 pi\u00e8ces)<\/p>\n<\/li>\n<li>\n<p data-path-to-node=\"7,1,0\">\u2705 <b data-path-to-node=\"7,1,0\" data-index-in-node=\"2\">Pouvoir:<\/b> Avec des vitamines B1, B2, B6 et de la pip\u00e9rine pour une absorption optimale<\/p>\n<\/li>\n<li>\n<p data-path-to-node=\"7,2,0\">\u2705 <b data-path-to-node=\"7,2,0\" data-index-in-node=\"2\">Avantage:<\/b> Soutient le syst\u00e8me immunitaire, la vue et la peau normale.<\/p>\n<\/li>\n<li>\n<p data-path-to-node=\"7,3,0\">\u2705 <b data-path-to-node=\"7,3,0\" data-index-in-node=\"2\">Style de vie :<\/b> V\u00e9gan et sans gluten<\/p>\n<\/li>\n<li>\n<p data-path-to-node=\"7,4,0\">\u2705 <b data-path-to-node=\"7,4,0\" data-index-in-node=\"2\">Prix : 27,50 \u20ac<\/b><\/p>\n<\/li>\n<\/ul>","protected":false},"featured_media":329,"template":"","meta":{"_et_pb_use_builder":"","_et_pb_old_content":"","_et_gb_content_width":""},"product_brand":[63],"product_cat":[162,165,143,209],"product_tag":[],"class_list":{"0":"post-3187","1":"product","2":"type-product","3":"status-publish","4":"has-post-thumbnail","6":"product_brand-vegas-cosmetics-gmbh","7":"product_cat-komfort-und-wohlbefinden-nahrungsergaenzungsmittel-vitamine","8":"product_cat-kurkuma","9":"product_cat-nahrungsergaenzungsmittel-vitamine","10":"product_cat-vitality-power","12":"first","13":"instock","14":"shipping-taxable","15":"product-type-external"},"_links":{"self":[{"href":"https:\/\/gigistravelworld.de\/fr\/wp-json\/wp\/v2\/product\/3187","targetHints":{"allow":["GET"]}}],"collection":[{"href":"https:\/\/gigistravelworld.de\/fr\/wp-json\/wp\/v2\/product"}],"about":[{"href":"https:\/\/gigistravelworld.de\/fr\/wp-json\/wp\/v2\/types\/product"}],"wp:featuredmedia":[{"embeddable":true,"href":"https:\/\/gigistravelworld.de\/fr\/wp-json\/wp\/v2\/media\/329"}],"wp:attachment":[{"href":"https:\/\/gigistravelworld.de\/fr\/wp-json\/wp\/v2\/media?parent=3187"}],"wp:term":[{"taxonomy":"product_brand","embeddable":true,"href":"https:\/\/gigistravelworld.de\/fr\/wp-json\/wp\/v2\/product_brand?post=3187"},{"taxonomy":"product_cat","embeddable":true,"href":"https:\/\/gigistravelworld.de\/fr\/wp-json\/wp\/v2\/product_cat?post=3187"},{"taxonomy":"product_tag","embeddable":true,"href":"https:\/\/gigistravelworld.de\/fr\/wp-json\/wp\/v2\/product_tag?post=3187"}],"curies":[{"name":"wp","href":"https:\/\/api.w.org\/{rel}","templated":true}]}}