{"id":3186,"date":"2025-08-23T20:54:36","date_gmt":"2025-08-23T18:54:36","guid":{"rendered":"https:\/\/gigistravelworld.de\/?post_type=product&#038;p=3186"},"modified":"2026-03-13T17:30:20","modified_gmt":"2026-03-13T16:30:20","slug":"cistus-incanus","status":"publish","type":"product","link":"https:\/\/gigistravelworld.de\/fr\/cistus-incanus\/","title":{"rendered":"G\u00e9lules de Ciste Incanus | 60 g\u00e9lules \u00e0 la vitamine E"},"content":{"rendered":"<h1 data-path-to-node=\"10\">G\u00e9lules de Cistus Incanus\u00a0: Pourquoi je fais confiance \u00e0 ce pouvoir m\u00e9diterran\u00e9en<\/h1>\n<p data-path-to-node=\"11\">La nature offre des solutions fascinantes pour notre bien-\u00eatre quotidien. <b data-path-to-node=\"11\" data-index-in-node=\"78\">capsules de Cistus Incanus<\/b> Elles exploitent le pouvoir du ciste gris, une plante pris\u00e9e en Gr\u00e8ce depuis des si\u00e8cles. Ces plantes sp\u00e9ciales <b data-path-to-node=\"11\" data-index-in-node=\"233\">capsules de Cistus Incanus<\/b> contiennent les sous-esp\u00e8ces <i data-path-to-node=\"11\" data-index-in-node=\"279\">ssp. Tauricus<\/i>, consid\u00e9r\u00e9e comme l&#039;une des plantes les plus riches en polyph\u00e9nols d&#039;Europe. Dans ma boutique <b data-path-to-node=\"11\" data-index-in-node=\"388\">Gigis Travel World<\/b> Je ne vous propose que des produits dont je suis absolument convaincue de la qualit\u00e9 \u2013 comme ceux-ci, de haute qualit\u00e9. <b data-path-to-node=\"11\" data-index-in-node=\"511\">capsules de Cistus Incanus<\/b> pour <b data-path-to-node=\"11\" data-index-in-node=\"538\">39,90 \u20ac<\/b>.<\/p>\n<h2 data-path-to-node=\"12\">Protection cellulaire efficace gr\u00e2ce \u00e0 des capsules de Cistus Incanus de haute qualit\u00e9<\/h2>\n<p data-path-to-node=\"13\">Que signifie mon <b data-path-to-node=\"13\" data-index-in-node=\"16\">capsules de Cistus Incanus<\/b> Une telle efficacit\u00e9 ? Le secret r\u00e9side dans l&#039;association de poudre de ciste hautement purifi\u00e9e et de vitamine E essentielle. Chaque dose quotidienne de ce <b data-path-to-node=\"13\" data-index-in-node=\"176\">capsules de Cistus Incanus<\/b> Vous fournit 818 mg de poudre de ciste pure. La vitamine E contenue dans le <b data-path-to-node=\"13\" data-index-in-node=\"279\">capsules de Cistus Incanus<\/b> Il a \u00e9t\u00e9 prouv\u00e9 que ce produit contribue \u00e0 prot\u00e9ger les cellules du stress oxydatif. Par cons\u00e9quent, \u00e0 titre personnel, ces g\u00e9lules constituent le compl\u00e9ment id\u00e9al d&#039;une alimentation saine et d&#039;un mode de vie actif.<\/p>\n<h2 data-path-to-node=\"14\">Mon conseil personnel\u00a0: les g\u00e9lules de Cistus Incanus au quotidien<\/h2>\n<p data-path-to-node=\"15\">Dans mon <a class=\"ng-star-inserted\" href=\"https:\/\/gigistravelworld.de\/fr\/gigis-travel-world-ueber-mich\/\" target=\"_blank\" rel=\"noopener\" data-hveid=\"0\" data-ved=\"0CAAQ_4QMahgKEwixjvTKhJ2TAxUAAAAAHQAAAAAQ3QY\">Style de vie professionnel<\/a> Je suis constamment en d\u00e9placement et je rencontre beaucoup de gens. Pour rester en forme m\u00eame en p\u00e9riode de stress, voici les \u00e9l\u00e9ments essentiels\u00a0: <b data-path-to-node=\"15\" data-index-in-node=\"138\">capsules de Cistus Incanus<\/b> Mon fid\u00e8le compagnon. La bo\u00eete pratique se glisse dans n&#039;importe quel sac de voyage, et l&#039;application du <b data-path-to-node=\"15\" data-index-in-node=\"253\">capsules de Cistus Incanus<\/b> C&#039;est incroyablement facile avec seulement deux capsules par jour. Je fais confiance \u00e0 la qualit\u00e9 certifi\u00e9e HACCP de Vegas Cosmetics et vous invite \u00e0 d\u00e9couvrir les bienfaits de\u2026 <b data-path-to-node=\"15\" data-index-in-node=\"424\">capsules de Cistus Incanus<\/b> D\u00e9couvrez-le par vous-m\u00eame. Vous pouvez \u00e9galement en apprendre davantage sur la plante sur <a class=\"ng-star-inserted\" href=\"https:\/\/de.wikipedia.org\/wiki\/Graubehaarte_Zistrose\" target=\"_blank\" rel=\"noopener nofollow\" data-hveid=\"0\" data-ved=\"0CAAQ_4QMahgKEwixjvTKhJ2TAxUAAAAAHQAAAAAQ3gY\">Ciste incan<\/a>.<\/p>","protected":false},"excerpt":{"rendered":"<p data-path-to-node=\"5\"><b data-path-to-node=\"5\" data-index-in-node=\"0\">Un soutien naturel : Mes capsules de Cistus Incanus pour votre vitalit\u00e9.<\/b><\/p>\n<p data-path-to-node=\"6\">Je fais confiance au pouvoir de la nature : Avec le <b data-path-to-node=\"6\" data-index-in-node=\"46\">capsules de Cistus Incanus<\/b> Avec Vegas Cosmetics, vous pouvez int\u00e9grer directement chez vous les pr\u00e9cieux ingr\u00e9dients du ciste grec. Ces produits sp\u00e9ciaux <b data-path-to-node=\"6\" data-index-in-node=\"193\">capsules de Cistus Incanus<\/b> sont particuli\u00e8rement riches en polyph\u00e9nols et sont produits \u00e0 partir de nutriments essentiels. <b data-path-to-node=\"6\" data-index-in-node=\"283\">Vitamine E<\/b> ajout\u00e9. C&#039;est ainsi qu&#039;ils prot\u00e8gent <b data-path-to-node=\"6\" data-index-in-node=\"320\">capsules de Cistus Incanus<\/b> Prot\u00e8ge efficacement vos cellules du stress oxydatif. 100 g, %, v\u00e9gan, sans gluten et s\u00e9lectionn\u00e9 personnellement pour vous par mes soins.<\/p>\n<ul data-path-to-node=\"7\">\n<li>\n<p data-path-to-node=\"7,0,0\">\u2705 <b data-path-to-node=\"7,0,0\" data-index-in-node=\"2\">Produit:<\/b> G\u00e9lules de Ciste Incanus (60 pi\u00e8ces)<\/p>\n<\/li>\n<li>\n<p data-path-to-node=\"7,1,0\">\u2705 <b data-path-to-node=\"7,1,0\" data-index-in-node=\"2\">Effet:<\/b> La vitamine E pour la protection contre le stress oxydatif<\/p>\n<\/li>\n<li>\n<p data-path-to-node=\"7,2,0\">\u2705 <b data-path-to-node=\"7,2,0\" data-index-in-node=\"2\">Puret\u00e9:<\/b> Forte proportion de poudre d&#039;herbe de ciste<\/p>\n<\/li>\n<li>\n<p data-path-to-node=\"7,3,0\">\u2705 <b data-path-to-node=\"7,3,0\" data-index-in-node=\"2\">Caract\u00e9ristique sp\u00e9ciale :<\/b> V\u00e9gan et sans gluten<\/p>\n<\/li>\n<li>\n<p data-path-to-node=\"7,4,0\">\u2705 <b data-path-to-node=\"7,4,0\" data-index-in-node=\"2\">Prix : 39,90 \u20ac<\/b><\/p>\n<\/li>\n<\/ul>","protected":false},"featured_media":328,"template":"","meta":{"_et_pb_use_builder":"","_et_pb_old_content":"","_et_gb_content_width":""},"product_brand":[63],"product_cat":[167,162,143,209],"product_tag":[],"class_list":{"0":"post-3186","1":"product","2":"type-product","3":"status-publish","4":"has-post-thumbnail","6":"product_brand-vegas-cosmetics-gmbh","7":"product_cat-antioxidans","8":"product_cat-komfort-und-wohlbefinden-nahrungsergaenzungsmittel-vitamine","9":"product_cat-nahrungsergaenzungsmittel-vitamine","10":"product_cat-vitality-power","12":"first","13":"instock","14":"shipping-taxable","15":"product-type-external"},"_links":{"self":[{"href":"https:\/\/gigistravelworld.de\/fr\/wp-json\/wp\/v2\/product\/3186","targetHints":{"allow":["GET"]}}],"collection":[{"href":"https:\/\/gigistravelworld.de\/fr\/wp-json\/wp\/v2\/product"}],"about":[{"href":"https:\/\/gigistravelworld.de\/fr\/wp-json\/wp\/v2\/types\/product"}],"wp:featuredmedia":[{"embeddable":true,"href":"https:\/\/gigistravelworld.de\/fr\/wp-json\/wp\/v2\/media\/328"}],"wp:attachment":[{"href":"https:\/\/gigistravelworld.de\/fr\/wp-json\/wp\/v2\/media?parent=3186"}],"wp:term":[{"taxonomy":"product_brand","embeddable":true,"href":"https:\/\/gigistravelworld.de\/fr\/wp-json\/wp\/v2\/product_brand?post=3186"},{"taxonomy":"product_cat","embeddable":true,"href":"https:\/\/gigistravelworld.de\/fr\/wp-json\/wp\/v2\/product_cat?post=3186"},{"taxonomy":"product_tag","embeddable":true,"href":"https:\/\/gigistravelworld.de\/fr\/wp-json\/wp\/v2\/product_tag?post=3186"}],"curies":[{"name":"wp","href":"https:\/\/api.w.org\/{rel}","templated":true}]}}