{"id":3185,"date":"2025-08-23T20:54:36","date_gmt":"2025-08-23T18:54:36","guid":{"rendered":"https:\/\/gigistravelworld.de\/?post_type=product&#038;p=3185"},"modified":"2026-03-13T17:11:28","modified_gmt":"2026-03-13T16:11:28","slug":"aloe-vera-regenerationscreme","status":"publish","type":"product","link":"https:\/\/gigistravelworld.de\/fr\/aloe-vera-regenerationscreme\/","title":{"rendered":"Cr\u00e8me r\u00e9g\u00e9n\u00e9rante \u00e0 l&#039;aloe vera | 250 ml Soin intensif"},"content":{"rendered":"<h1 data-path-to-node=\"9\">Cr\u00e8me r\u00e9g\u00e9n\u00e9rante \u00e0 l&#039;aloe vera : Le soin intensif pour tous les types de peau<\/h1>\n<p data-path-to-node=\"10\">Votre peau m\u00e9rite bien plus que des soins superficiels. <b data-path-to-node=\"10\" data-index-in-node=\"60\">Cr\u00e8me r\u00e9g\u00e9n\u00e9rante \u00e0 l&#039;aloe vera<\/b> Vegas Cosmetics r\u00e9unit le meilleur de la nature dans un seul pot. Apr\u00e8s une exposition au soleil, par temps chaud et sec, ou simplement pour un moment de d\u00e9tente au quotidien, cette cr\u00e8me pour le corps p\u00e9n\u00e8tre en douceur et laisse la peau soyeuse. <b data-path-to-node=\"10\" data-index-in-node=\"329\">Gigis Travel World<\/b> Nous accordons une grande importance aux ingr\u00e9dients qui r\u00e9g\u00e9n\u00e8rent v\u00e9ritablement votre peau.<\/p>\n<h2 data-path-to-node=\"11\">Huiles pr\u00e9cieuses pour une \u00e9lasticit\u00e9 maximale<\/h2>\n<p data-path-to-node=\"12\">Ce qui rend cette cr\u00e8me si sp\u00e9ciale, c&#039;est la synergie de ses ingr\u00e9dients. Sa base est de haute qualit\u00e9. <a class=\"ng-star-inserted\" href=\"https:\/\/de.wikipedia.org\/wiki\/Echte_Aloe\" target=\"_blank\" rel=\"noopener nofollow\" data-hveid=\"0\" data-ved=\"0CAAQ_4QMahgKEwixjvTKhJ2TAxUAAAAAHQAAAAAQygU\">Extrait de feuille d&#039;Aloe Barbadensis<\/a> Associ\u00e9 \u00e0 de l&#039;huile d&#039;olive vierge et de la cire d&#039;abeille, ce soin contient des principes actifs issus des huiles d&#039;argan et de rose musqu\u00e9e, reconnus pour leurs propri\u00e9t\u00e9s antioxydantes et qui favorisent une meilleure r\u00e9cup\u00e9ration de la peau apr\u00e8s des agressions ext\u00e9rieures quotidiennes.<\/p>\n<h2 data-path-to-node=\"13\">Conseil beaut\u00e9 de Gigi pour les d\u00e9placements<\/h2>\n<p data-path-to-node=\"14\">Dans mon <a class=\"ng-star-inserted\" href=\"https:\/\/gigistravelworld.de\/fr\/gigis-travel-world-ueber-mich\/\" target=\"_blank\" rel=\"noopener\" data-hveid=\"0\" data-ved=\"0CAAQ_4QMahgKEwixjvTKhJ2TAxUAAAAAHQAAAAAQywU\">Style de vie professionnel<\/a> Ma peau est souvent expos\u00e9e \u00e0 des conditions changeantes. <b data-path-to-node=\"14\" data-index-in-node=\"88\">Cr\u00e8me r\u00e9g\u00e9n\u00e9rante \u00e0 l&#039;aloe vera<\/b> Voici ma recette secr\u00e8te pour les zones fragilis\u00e9es comme les coudes, les genoux ou les tibias secs. Appliquez simplement le produit, massez d\u00e9licatement et sentez votre peau absorber ce soin pr\u00e9cieux.<\/p>","protected":false},"excerpt":{"rendered":"<p data-path-to-node=\"4\"><b data-path-to-node=\"4\" data-index-in-node=\"0\">R\u00e9g\u00e9n\u00e9ration et soin en profondeur de l&#039;ensemble du corps.<\/b><\/p>\n<p data-path-to-node=\"5\">Le <b data-path-to-node=\"5\" data-index-in-node=\"4\">Cr\u00e8me r\u00e9g\u00e9n\u00e9rante \u00e0 l&#039;aloe vera<\/b> est le soin complet par excellence pour votre peau. Gr\u00e2ce \u00e0 sa riche combinaison de <b data-path-to-node=\"5\" data-index-in-node=\"119\">Aloe vera naturel<\/b>, Enrichie en huile d&#039;olive vierge extra, en cire d&#039;abeille et en pr\u00e9cieuses huiles d&#039;argan et de rose musqu\u00e9e, elle offre une hydratation et une protection intenses. Elle apaise particuli\u00e8rement les peaux irrit\u00e9es, s\u00e8ches ou sensibles et favorise le renouvellement cellulaire.<\/p>\n<ul data-path-to-node=\"6\">\n<li>\n<p data-path-to-node=\"6,0,0\">\u2705 <b data-path-to-node=\"6,0,0\" data-index-in-node=\"2\">Contenu:<\/b> 250 ml \u2013 extr\u00eamement \u00e9conomique<\/p>\n<\/li>\n<li>\n<p data-path-to-node=\"6,1,0\">\u2705 <b data-path-to-node=\"6,1,0\" data-index-in-node=\"2\">Ingr\u00e9dients actifs :<\/b> Huile d&#039;argan, huile de rose musqu\u00e9e et huile d&#039;olive vierge<\/p>\n<\/li>\n<li>\n<p data-path-to-node=\"6,2,0\">\u2705 <b data-path-to-node=\"6,2,0\" data-index-in-node=\"2\">Type de peau :<\/b> Id\u00e9al pour les peaux s\u00e8ches et stress\u00e9es<\/p>\n<\/li>\n<li>\n<p data-path-to-node=\"6,3,0\">\u2705 <b data-path-to-node=\"6,3,0\" data-index-in-node=\"2\">Prix : 29,90 \u20ac<\/b><\/p>\n<\/li>\n<\/ul>","protected":false},"featured_media":327,"template":"","meta":{"_et_pb_use_builder":"","_et_pb_old_content":"","_et_gb_content_width":""},"product_brand":[63],"product_cat":[113,208,77,60,64,61,75],"product_tag":[],"class_list":{"0":"post-3185","1":"product","2":"type-product","3":"status-publish","4":"has-post-thumbnail","6":"product_brand-vegas-cosmetics-gmbh","7":"product_cat-aloe-vera","8":"product_cat-beauty-care","9":"product_cat-feuchtigkeitscremes","10":"product_cat-hautpflege","11":"product_cat-koerper-haarpflege","12":"product_cat-pflegeserien","13":"product_cat-spezialbehandlung","15":"first","16":"instock","17":"shipping-taxable","18":"product-type-external"},"_links":{"self":[{"href":"https:\/\/gigistravelworld.de\/fr\/wp-json\/wp\/v2\/product\/3185","targetHints":{"allow":["GET"]}}],"collection":[{"href":"https:\/\/gigistravelworld.de\/fr\/wp-json\/wp\/v2\/product"}],"about":[{"href":"https:\/\/gigistravelworld.de\/fr\/wp-json\/wp\/v2\/types\/product"}],"wp:featuredmedia":[{"embeddable":true,"href":"https:\/\/gigistravelworld.de\/fr\/wp-json\/wp\/v2\/media\/327"}],"wp:attachment":[{"href":"https:\/\/gigistravelworld.de\/fr\/wp-json\/wp\/v2\/media?parent=3185"}],"wp:term":[{"taxonomy":"product_brand","embeddable":true,"href":"https:\/\/gigistravelworld.de\/fr\/wp-json\/wp\/v2\/product_brand?post=3185"},{"taxonomy":"product_cat","embeddable":true,"href":"https:\/\/gigistravelworld.de\/fr\/wp-json\/wp\/v2\/product_cat?post=3185"},{"taxonomy":"product_tag","embeddable":true,"href":"https:\/\/gigistravelworld.de\/fr\/wp-json\/wp\/v2\/product_tag?post=3185"}],"curies":[{"name":"wp","href":"https:\/\/api.w.org\/{rel}","templated":true}]}}