{"id":3184,"date":"2025-08-23T20:54:36","date_gmt":"2025-08-23T18:54:36","guid":{"rendered":"https:\/\/gigistravelworld.de\/?post_type=product&#038;p=3184"},"modified":"2026-03-13T17:00:30","modified_gmt":"2026-03-13T16:00:30","slug":"aloe-vera-reinigungsschaum","status":"publish","type":"product","link":"https:\/\/gigistravelworld.de\/fr\/aloe-vera-reinigungsschaum\/","title":{"rendered":"Mousse nettoyante \u00e0 l&#039;aloe vera | 75% Aloe vera bio"},"content":{"rendered":"<h1 data-path-to-node=\"9\">Mousse nettoyante \u00e0 l&#039;aloe vera : Soin doux pour un visage \u00e9clatant<\/h1>\n<p data-path-to-node=\"10\">Le nettoyage quotidien est l&#039;\u00e9tape la plus importante pour une peau saine \u2013 surtout si vous voyagez beaucoup. <b data-path-to-node=\"10\" data-index-in-node=\"112\">Mousse nettoyante \u00e0 l&#039;aloe vera<\/b> Les produits Vegas Cosmetics ont \u00e9t\u00e9 sp\u00e9cialement con\u00e7us pour \u00e9liminer en douceur les r\u00e9sidus des peaux sensibles sans les dess\u00e9cher. <b data-path-to-node=\"10\" data-index-in-node=\"270\">Gigis Travel World<\/b> Nous misons sur des ingr\u00e9dients efficaces. Pour seulement <b data-path-to-node=\"10\" data-index-in-node=\"339\">19,90 \u20ac<\/b> Vous b\u00e9n\u00e9ficierez d&#039;un nettoyage professionnel qui laissera votre peau respirer.<\/p>\n<h2 data-path-to-node=\"11\">75% Aloe Vera Bio : Une qualit\u00e9 que vous pouvez ressentir<\/h2>\n<p data-path-to-node=\"12\">Quoi le <b data-path-to-node=\"12\" data-index-in-node=\"8\">Mousse nettoyante \u00e0 l&#039;aloe vera<\/b> Ce qui le rend si unique, c&#039;est sa forte concentration en principes actifs. Alors que les produits classiques sont souvent formul\u00e9s \u00e0 base d&#039;eau, le n\u00f4tre est \u00e0 base de\u2026 <a class=\"ng-star-inserted\" href=\"https:\/\/de.wikipedia.org\/wiki\/Echte_Aloe\" target=\"_blank\" rel=\"noopener nofollow\" data-hveid=\"0\" data-ved=\"0CAAQ_4QMahgKEwixjvTKhJ2TAxUAAAAAHQAAAAAQpwI\">Jus de feuilles d&#039;Aloe Barbadensis<\/a> (lien externe) en premier lieu. En combinaison avec <b data-path-to-node=\"12\" data-index-in-node=\"257\">extrait de coing<\/b> et <b data-path-to-node=\"12\" data-index-in-node=\"276\">allanto\u00efne<\/b> Les irritations sont apais\u00e9es et la peau est hydrat\u00e9e durablement.<\/p>\n<p data-path-to-node=\"13\">Des extraits suppl\u00e9mentaires d&#039;hamam\u00e9lis, de romarin, de sauge et de m\u00e9lisse ont un effet purifiant et tonifiant. R\u00e9sultat\u00a0: une peau merveilleusement d\u00e9tendue, souple et lisse, jour apr\u00e8s jour.<\/p>\n<h2 data-path-to-node=\"14\">Votre astuce voyage pour une peau fra\u00eeche<\/h2>\n<p data-path-to-node=\"15\">Dans mon <a class=\"ng-star-inserted\" href=\"https:\/\/gigistravelworld.de\/fr\/gigis-travel-world-ueber-mich\/\" target=\"_blank\" rel=\"noopener\" data-hveid=\"0\" data-ved=\"0CAAQ_4QMahgKEwixjvTKhJ2TAxUAAAAAHQAAAAAQqAI\">Style de vie professionnel<\/a> (lien interne) Je suis souvent expos\u00e9 \u00e0 des pi\u00e8ces climatis\u00e9es ou \u00e0 la pollution environnementale. <b data-path-to-node=\"15\" data-index-in-node=\"118\">Mousse nettoyante \u00e0 l&#039;aloe vera<\/b> Voici mon astuce secr\u00e8te pour r\u00e9veiller mon visage en douceur le matin et effacer les traces de la journ\u00e9e le soir. C&#039;est incroyablement simple \u00e0 utiliser\u00a0: il suffit de masser une petite quantit\u00e9 sur peau humide, de rincer et de profiter d&#039;une sensation de fra\u00eecheur.<\/p>\n<h2 data-path-to-node=\"16\">Obtenez d\u00e8s maintenant la mousse nettoyante \u00e0 l&#039;aloe vera pour 19,90 \u20ac.<\/h2>\n<p data-path-to-node=\"17\">Cliquez sur le bouton pour acc\u00e9der directement \u00e0 ma boutique en ligne officielle Vegas Cosmetics. Offrez \u00e0 votre peau les soins bio qu&#039;elle m\u00e9rite.<\/p>","protected":false},"excerpt":{"rendered":"<p data-path-to-node=\"4\"><b data-path-to-node=\"4\" data-index-in-node=\"0\">Fra\u00eecheur garantie directement de la plantation.<\/b><\/p>\n<p data-path-to-node=\"5\">Le <b data-path-to-node=\"5\" data-index-in-node=\"4\">Mousse nettoyante \u00e0 l&#039;aloe vera<\/b> Vegas Cosmetics vous offre une qualit\u00e9 exclusive\u00a0: <b data-path-to-node=\"5\" data-index-in-node=\"87\">75 % Gel d&#039;aloe vera pur \u00e0 base de feuilles fra\u00eeches<\/b>, r\u00e9colt\u00e9 le <b data-path-to-node=\"5\" data-index-in-node=\"138\">plantations internes en Espagne<\/b>. Cette mousse douce nettoie d\u00e9licatement les peaux sensibles, apaise gr\u00e2ce \u00e0 l&#039;extrait de coing et hydrate intens\u00e9ment. Pour une peau lisse et souple, jour apr\u00e8s jour.<\/p>\n<ul data-path-to-node=\"6\">\n<li>\n<p data-path-to-node=\"6,0,0\">\u2705 <b data-path-to-node=\"6,0,0\" data-index-in-node=\"2\">75 % Aloe Vera Bio<\/b> issus de notre propre culture en Espagne<\/p>\n<\/li>\n<li>\n<p data-path-to-node=\"6,1,0\">\u2705 Nettoyage doux du visage, du cou et du d\u00e9collet\u00e9<\/p>\n<\/li>\n<li>\n<p data-path-to-node=\"6,2,0\">\u2705 \u00c0 l&#039;allanto\u00efne et \u00e0 l&#039;extrait de coing<\/p>\n<\/li>\n<li>\n<p data-path-to-node=\"6,3,0\">\u2705 <b data-path-to-node=\"6,3,0\" data-index-in-node=\"2\">Prix : 19,90 \u20ac<\/b> (150 ml)<\/p>\n<\/li>\n<\/ul>","protected":false},"featured_media":326,"template":"","meta":{"_et_pb_use_builder":"","_et_pb_old_content":"","_et_gb_content_width":""},"product_brand":[63],"product_cat":[113,208,74,60,97,61],"product_tag":[],"class_list":{"0":"post-3184","1":"product","2":"type-product","3":"status-publish","4":"has-post-thumbnail","6":"product_brand-vegas-cosmetics-gmbh","7":"product_cat-aloe-vera","8":"product_cat-beauty-care","9":"product_cat-gesichtspflege","10":"product_cat-hautpflege","11":"product_cat-hautreinigung","12":"product_cat-pflegeserien","14":"first","15":"instock","16":"shipping-taxable","17":"product-type-external"},"_links":{"self":[{"href":"https:\/\/gigistravelworld.de\/fr\/wp-json\/wp\/v2\/product\/3184","targetHints":{"allow":["GET"]}}],"collection":[{"href":"https:\/\/gigistravelworld.de\/fr\/wp-json\/wp\/v2\/product"}],"about":[{"href":"https:\/\/gigistravelworld.de\/fr\/wp-json\/wp\/v2\/types\/product"}],"wp:featuredmedia":[{"embeddable":true,"href":"https:\/\/gigistravelworld.de\/fr\/wp-json\/wp\/v2\/media\/326"}],"wp:attachment":[{"href":"https:\/\/gigistravelworld.de\/fr\/wp-json\/wp\/v2\/media?parent=3184"}],"wp:term":[{"taxonomy":"product_brand","embeddable":true,"href":"https:\/\/gigistravelworld.de\/fr\/wp-json\/wp\/v2\/product_brand?post=3184"},{"taxonomy":"product_cat","embeddable":true,"href":"https:\/\/gigistravelworld.de\/fr\/wp-json\/wp\/v2\/product_cat?post=3184"},{"taxonomy":"product_tag","embeddable":true,"href":"https:\/\/gigistravelworld.de\/fr\/wp-json\/wp\/v2\/product_tag?post=3184"}],"curies":[{"name":"wp","href":"https:\/\/api.w.org\/{rel}","templated":true}]}}