{"id":3183,"date":"2025-08-23T20:54:36","date_gmt":"2025-08-23T18:54:36","guid":{"rendered":"https:\/\/gigistravelworld.de\/?post_type=product&#038;p=3183"},"modified":"2026-03-13T22:40:40","modified_gmt":"2026-03-13T21:40:40","slug":"aloe-vera-nachtcreme","status":"publish","type":"product","link":"https:\/\/gigistravelworld.de\/fr\/aloe-vera-nachtcreme\/","title":{"rendered":"Cr\u00e8me de nuit \u00e0 l&#039;aloe vera | R\u00e9g\u00e9n\u00e9ration et soin"},"content":{"rendered":"<h1 data-path-to-node=\"4\">Cr\u00e8me de nuit \u00e0 l&#039;aloe vera : R\u00e9g\u00e9n\u00e9ration de la peau pendant votre sommeil<\/h1>\n<p data-path-to-node=\"5\">Ceux qui me connaissent savent que mes journ\u00e9es sont souvent interminables. Que ce soit apr\u00e8s un long vol ou une journ\u00e9e intense \u00e0 la maison\u2026 <a class=\"ng-star-inserted\" href=\"https:\/\/gigistravelworld.de\/fr\/gigis-travel-world-ueber-mich\/\" target=\"_blank\" rel=\"noopener\" data-hveid=\"0\" data-ved=\"0CAAQ_4QMahgKEwixjvTKhJ2TAxUAAAAAHQAAAAAQoww\">Style de vie professionnel<\/a>, Ma peau a vraiment besoin de repos la nuit. <b data-path-to-node=\"5\" data-index-in-node=\"200\">Cr\u00e8me de nuit \u00e0 l&#039;aloe vera<\/b> Vegas Cosmetics est mon secret d&#039;initi\u00e9 absolu pour <b data-path-to-node=\"5\" data-index-in-node=\"275\">Gigis Travel World<\/b>, pour recharger les batteries de votre peau. <b data-path-to-node=\"5\" data-index-in-node=\"347\">29,90 \u20ac<\/b> Vous vous offrez un sourire matinal devant le miroir et un repos parfait pendant votre sommeil.<\/p>\n<h2 data-path-to-node=\"6\">Pourquoi je ne peux pas m&#039;endormir sans cette cr\u00e8me de nuit<\/h2>\n<p data-path-to-node=\"7\">Alors que mon <a class=\"ng-star-inserted\" href=\"https:\/\/gigistravelworld.de\/fr\/beauty-care\/hautpflege\/pflegeserien\/aloe-vera\/aloe-vera-tagescreme\/\" target=\"_blank\" rel=\"noopener\" data-hveid=\"0\" data-ved=\"0CAAQ_4QMahgKEwixjvTKhJ2TAxUAAAAAHQAAAAAQpAw\">Cr\u00e8me de jour \u00e0 l&#039;aloe vera<\/a> nous prot\u00e8ge pendant la journ\u00e9e, dit le <b data-path-to-node=\"7\" data-index-in-node=\"66\">Cr\u00e8me de nuit \u00e0 l&#039;aloe vera<\/b> Elle p\u00e9n\u00e8tre en profondeur pendant la nuit. Un peu plus riche, elle s&#039;absorbe n\u00e9anmoins parfaitement sans laisser de sensation collante sur l&#039;oreiller. La combinaison de <a class=\"ng-star-inserted\" href=\"https:\/\/de.wikipedia.org\/wiki\/Echte_Aloe\" target=\"_blank\" rel=\"noopener nofollow\" data-hveid=\"0\" data-ved=\"0CAAQ_4QMahgKEwixjvTKhJ2TAxUAAAAAHQAAAAAQpQw\">Aloe Barbadensis<\/a> et le r\u00e9tinol (vitamine A) assure \u00e0 votre peau la r\u00e9cup\u00e9ration qu&#039;elle m\u00e9rite.<\/p>\n<h2 data-path-to-node=\"14\">\ud83c\udfa5 Gigi en direct : Mon rituel du soir en vid\u00e9o<\/h2>\n<p data-path-to-node=\"15\">J&#039;adore prendre ce petit moment le soir pour appr\u00e9cier le parfum de la cr\u00e8me. Dans cette vid\u00e9o de Vegas Cosmetics, vous pouvez voir exactement comment\u2026 <b data-path-to-node=\"15\" data-index-in-node=\"155\">Cr\u00e8me de nuit \u00e0 l&#039;aloe vera<\/b> Elle favorise la r\u00e9g\u00e9n\u00e9ration de votre peau. \u00c0 d\u00e9couvrir\u00a0!<\/p>\n<p><iframe loading=\"lazy\" title=\"Cr\u00e8me de nuit \u00e0 l&#039;aloe vera 304 1\" width=\"563\" height=\"1000\" src=\"https:\/\/www.youtube.com\/embed\/VXVZyGc3v4E?feature=oembed\"  allow=\"accelerometer; autoplay; clipboard-write; encrypted-media; gyroscope; picture-in-picture; web-share\" referrerpolicy=\"strict-origin-when-cross-origin\" allowfullscreen><\/iframe><\/p>\n<h2 data-path-to-node=\"17\">Le conseil de Gigi pour votre routine du soir<\/h2>\n<p data-path-to-node=\"18\">Prenez un instant\u00a0: apr\u00e8s la purification, vous portez le <b data-path-to-node=\"18\" data-index-in-node=\"54\">Cr\u00e8me de nuit \u00e0 l&#039;aloe vera<\/b> Appliquez sur le visage, le cou et le d\u00e9collet\u00e9. Massez d\u00e9licatement jusqu&#039;\u00e0 absorption compl\u00e8te. Un petit conseil\u00a0: respirez profond\u00e9ment et oubliez le stress de la journ\u00e9e. Le compl\u00e9ment id\u00e9al de ma cr\u00e8me de jour pour une protection optimale. Bonne nuit, ma belle peau\u00a0!<\/p>","protected":false},"excerpt":{"rendered":"<p data-path-to-node=\"4\"><b class=\"\" data-path-to-node=\"4\" data-index-in-node=\"0\">Votre moment bien-\u00eatre du soir\u00a0: cr\u00e8me de nuit \u00e0 l\u2019aloe vera pour la r\u00e9g\u00e9n\u00e9ration.<\/b><\/p>\n<p data-path-to-node=\"5\"><span class=\"\">Pendant que vous dormez,<\/span><span class=\"\"> Cette cr\u00e8me fait tout le travail.<\/span><span class=\"\"> Avec <\/span><b class=\"\" data-path-to-node=\"5\" data-index-in-node=\"63\">65 % Aloe Vera Bio<\/b><span class=\"\"> Il favorise intens\u00e9ment le renouvellement cellulaire nocturne de votre peau.<\/span><span class=\"\"> Riche,<\/span><span class=\"\"> Nourrissant et enrichi en huiles pr\u00e9cieuses et en vitamine A \u2013 la conclusion parfaite de votre journ\u00e9e.,<\/span><span class=\"\"> pour vous r\u00e9veiller avec un teint frais et \u00e9clatant le matin.<\/span><\/p>\n<ul data-path-to-node=\"6\">\n<li>\n<p data-path-to-node=\"6,0,0\"><span class=\"\">\u2705 <\/span><b class=\"\" data-path-to-node=\"6,0,0\" data-index-in-node=\"2\">Produit:<\/b><span class=\"\"> Cr\u00e8me de nuit \u00e0 l&#039;aloe vera (50 ml)<\/span><\/p>\n<\/li>\n<li>\n<p data-path-to-node=\"6,1,0\"><span class=\"\">\u2705 <\/span><b class=\"\" data-path-to-node=\"6,1,0\" data-index-in-node=\"2\">Effet:<\/b><span class=\"\"> R\u00e9g\u00e9n\u00e9ration intensive et protection cellulaire pendant la nuit<\/span><\/p>\n<\/li>\n<li>\n<p data-path-to-node=\"6,2,0\"><span class=\"\">\u2705 <\/span><b class=\"\" data-path-to-node=\"6,2,0\" data-index-in-node=\"2\">Ingr\u00e9dients:<\/b><span class=\"\"> 65 % Aloe Vera Bio,<\/span><span class=\"\"> Huile de jojoba et vitamine A<\/span><\/p>\n<\/li>\n<li>\n<p data-path-to-node=\"6,3,0\"><span class=\"\">\u2705 <\/span><b class=\"\" data-path-to-node=\"6,3,0\" data-index-in-node=\"2\">Sensation cutan\u00e9e :<\/b><span class=\"\"> Richement entretenu,<\/span><span class=\"\"> sans coller<\/span><\/p>\n<\/li>\n<li>\n<p data-path-to-node=\"6,4,0\"><span class=\"\">\u2705 <\/span><b class=\"\" data-path-to-node=\"6,4,0\" data-index-in-node=\"2\">Prix : 29,90 \u20ac<\/b><\/p>\n<\/li>\n<\/ul>","protected":false},"featured_media":325,"template":"","meta":{"_et_pb_use_builder":"","_et_pb_old_content":"","_et_gb_content_width":""},"product_brand":[63],"product_cat":[113,208,74,80,60,99,61],"product_tag":[],"class_list":{"0":"post-3183","1":"product","2":"type-product","3":"status-publish","4":"has-post-thumbnail","6":"product_brand-vegas-cosmetics-gmbh","7":"product_cat-aloe-vera","8":"product_cat-beauty-care","9":"product_cat-gesichtspflege","10":"product_cat-gigis-travel-world","11":"product_cat-hautpflege","12":"product_cat-nachtpflege","13":"product_cat-pflegeserien","15":"first","16":"instock","17":"shipping-taxable","18":"product-type-external"},"_links":{"self":[{"href":"https:\/\/gigistravelworld.de\/fr\/wp-json\/wp\/v2\/product\/3183","targetHints":{"allow":["GET"]}}],"collection":[{"href":"https:\/\/gigistravelworld.de\/fr\/wp-json\/wp\/v2\/product"}],"about":[{"href":"https:\/\/gigistravelworld.de\/fr\/wp-json\/wp\/v2\/types\/product"}],"wp:featuredmedia":[{"embeddable":true,"href":"https:\/\/gigistravelworld.de\/fr\/wp-json\/wp\/v2\/media\/325"}],"wp:attachment":[{"href":"https:\/\/gigistravelworld.de\/fr\/wp-json\/wp\/v2\/media?parent=3183"}],"wp:term":[{"taxonomy":"product_brand","embeddable":true,"href":"https:\/\/gigistravelworld.de\/fr\/wp-json\/wp\/v2\/product_brand?post=3183"},{"taxonomy":"product_cat","embeddable":true,"href":"https:\/\/gigistravelworld.de\/fr\/wp-json\/wp\/v2\/product_cat?post=3183"},{"taxonomy":"product_tag","embeddable":true,"href":"https:\/\/gigistravelworld.de\/fr\/wp-json\/wp\/v2\/product_tag?post=3183"}],"curies":[{"name":"wp","href":"https:\/\/api.w.org\/{rel}","templated":true}]}}