{"id":3182,"date":"2025-08-23T20:54:36","date_gmt":"2025-08-23T18:54:36","guid":{"rendered":"https:\/\/gigistravelworld.de\/?post_type=product&#038;p=3182"},"modified":"2026-03-13T22:18:38","modified_gmt":"2026-03-13T21:18:38","slug":"aloe-vera-tagescreme","status":"publish","type":"product","link":"https:\/\/gigistravelworld.de\/fr\/aloe-vera-tagescreme\/","title":{"rendered":"Cr\u00e8me de jour \u00e0 l&#039;aloe vera"},"content":{"rendered":"<h1 data-path-to-node=\"10\">Cr\u00e8me de jour \u00e0 l&#039;aloe vera : Style de vie et voyages \u2013 Mon alli\u00e9e au quotidien<\/h1>\n<p data-path-to-node=\"11\">Avec mon emploi du temps charg\u00e9 ou en voyage, je n&#039;ai pas le temps pour des routines compliqu\u00e9es en 10 \u00e9tapes. J&#039;ai besoin de soins efficaces et l\u00e9gers. <b data-path-to-node=\"11\" data-index-in-node=\"173\">Cr\u00e8me de jour \u00e0 l&#039;aloe vera<\/b> Vegas Cosmetics, c&#039;est la libert\u00e9 en flacon pour moi. Ma peau respire sans \u00eatre alourdie par des additifs inutiles. <b data-path-to-node=\"11\" data-index-in-node=\"342\">Gigis Travel World<\/b> Je vous propose cette cr\u00e8me de jour de haute qualit\u00e9 pour <b data-path-to-node=\"11\" data-index-in-node=\"409\">27,90 \u20ac<\/b> un \u2013 un investissement dans votre bien-\u00eatre quotidien.<\/p>\n<h2 data-path-to-node=\"12\">Le pouvoir de l&#039;aloe vera bio 70 % pour votre peau<\/h2>\n<p data-path-to-node=\"13\">Qu\u2019est-ce qui fait la diff\u00e9rence\u00a0? Dans les produits conventionnels, on cherche souvent en vain de v\u00e9ritables ingr\u00e9dients actifs. Dans mon <b data-path-to-node=\"13\" data-index-in-node=\"107\">Cr\u00e8me de jour \u00e0 l&#039;aloe vera<\/b> Ils contiennent fi\u00e8rement 70 % de TP3T pur <a class=\"ng-star-inserted\" href=\"https:\/\/de.wikipedia.org\/wiki\/Echte_Aloe\" target=\"_blank\" rel=\"noopener nofollow\" data-hveid=\"0\" data-ved=\"0CAAQ_4QMahgKEwixjvTKhJ2TAxUAAAAAHQAAAAAQ3Qo\">Gel d&#039;aloe vera \u00e0 base de feuilles fra\u00eeches<\/a>.<\/p>\n<ul data-path-to-node=\"14\">\n<li>\n<p data-path-to-node=\"14,0,0\"><b data-path-to-node=\"14,0,0\" data-index-in-node=\"0\">Batterie \u00e0 humidit\u00e9 :<\/b> L&#039;aloe vera stocke l&#039;hydratation et la lib\u00e8re directement sur votre peau.<\/p>\n<\/li>\n<li>\n<p data-path-to-node=\"14,1,0\"><b data-path-to-node=\"14,1,0\" data-index-in-node=\"0\">Sans mati\u00e8res grasses :<\/b> Vous pouvez commencer votre maquillage imm\u00e9diatement apr\u00e8s l&#039;application \u2013 id\u00e9al si vous devez vous pr\u00e9parer rapidement le matin.<\/p>\n<\/li>\n<li>\n<p data-path-to-node=\"14,2,0\"><b data-path-to-node=\"14,2,0\" data-index-in-node=\"0\">Le pouvoir naturel des plantes :<\/b> Les extraits de romarin, de sauge et de m\u00e9lisse contribuent \u00e9galement \u00e0 am\u00e9liorer l&#039;apparence de la peau.<\/p>\n<\/li>\n<\/ul>\n<h2 data-path-to-node=\"15\">\ud83c\udfa5 Gigi en direct : La cr\u00e8me de jour \u00e0 l&#039;aloe vera en action<\/h2>\n<p data-path-to-node=\"16\">Je vous invite \u00e0 d\u00e9couvrir par vous-m\u00eame la texture l\u00e9g\u00e8re et la fra\u00eecheur de ce produit. Regardez la vid\u00e9o de Vegas Cosmetics pour en savoir plus sur ses effets et son utilisation quotidienne. <b data-path-to-node=\"16\" data-index-in-node=\"190\">Cr\u00e8me de jour \u00e0 l&#039;aloe vera<\/b> pour le d\u00e9couvrir !<\/p>\n<p><iframe loading=\"lazy\" title=\"Cr\u00e8me de jour \u00e0 l&#039;aloe vera 303\" width=\"563\" height=\"1000\" src=\"https:\/\/www.youtube.com\/embed\/KGbZhdR77dU?feature=oembed\"  allow=\"accelerometer; autoplay; clipboard-write; encrypted-media; gyroscope; picture-in-picture; web-share\" referrerpolicy=\"strict-origin-when-cross-origin\" allowfullscreen><\/iframe><\/p>\n<h2 data-path-to-node=\"18\">L&#039;application est tellement facile (conseil de Gigi)<\/h2>\n<p data-path-to-node=\"19\">D\u00e9tente assur\u00e9e : Appliquez sur le visage, le cou et le d\u00e9collet\u00e9 le matin apr\u00e8s le nettoyage. Massez d\u00e9licatement, profitez de cette sensation de fra\u00eecheur et commencez la journ\u00e9e avec le sourire. Que ce soit par temps sec en avion ou sous un soleil radieux, ce soin est id\u00e9al. <b data-path-to-node=\"19\" data-index-in-node=\"233\">Cr\u00e8me de jour \u00e0 l&#039;aloe vera<\/b> Elle agit comme un bouclier invisible. Votre peau vous en remerciera !<\/p>","protected":false},"excerpt":{"rendered":"<p data-path-to-node=\"5\"><b data-path-to-node=\"5\" data-index-in-node=\"0\">Votre dose quotidienne de fra\u00eecheur dans votre bagage cabine : la cr\u00e8me de jour \u00e0 l&#039;aloe vera.<\/b><\/p>\n<p data-path-to-node=\"6\">Cette cr\u00e8me de jour est ma pr\u00e9f\u00e9r\u00e9e pour un teint \u00e9clatant sans effort. <b data-path-to-node=\"6\" data-index-in-node=\"85\">70 % Aloe Vera Bio<\/b> Elle hydrate intens\u00e9ment votre peau sans laisser de film gras. Elle p\u00e9n\u00e8tre instantan\u00e9ment, la prot\u00e8ge des agressions ext\u00e9rieures tout au long de la journ\u00e9e et constitue la base id\u00e9ale pour votre maquillage. Pure, authentique et parfaite pour votre style de vie, au bureau comme en voyage.<\/p>\n<ul data-path-to-node=\"7\">\n<li>\n<p data-path-to-node=\"7,0,0\">\u2705 <b data-path-to-node=\"7,0,0\" data-index-in-node=\"2\">Produit:<\/b> Cr\u00e8me de jour \u00e0 l&#039;aloe vera (50 ml)<\/p>\n<\/li>\n<li>\n<p data-path-to-node=\"7,1,0\">\u2705 <b data-path-to-node=\"7,1,0\" data-index-in-node=\"2\">Souligner:<\/b> 70 % Gel d&#039;aloe vera bio \u00e0 base de feuilles fra\u00eeches<\/p>\n<\/li>\n<li>\n<p data-path-to-node=\"7,2,0\">\u2705 <b data-path-to-node=\"7,2,0\" data-index-in-node=\"2\">Avantage:<\/b> Absorption instantan\u00e9e, id\u00e9ale comme base de maquillage.<\/p>\n<\/li>\n<li>\n<p data-path-to-node=\"7,3,0\">\u2705 <b data-path-to-node=\"7,3,0\" data-index-in-node=\"2\">Protection:<\/b> Efficace contre les radicaux libres et l&#039;air sec<\/p>\n<\/li>\n<li>\n<p data-path-to-node=\"7,4,0\">\u2705 <b data-path-to-node=\"7,4,0\" data-index-in-node=\"2\">Prix : 27,90 \u20ac<\/b><\/p>\n<\/li>\n<\/ul>","protected":false},"featured_media":324,"template":"","meta":{"_et_pb_use_builder":"","_et_pb_old_content":"","_et_gb_content_width":""},"product_brand":[63],"product_cat":[113,208,74,80,60,61,98],"product_tag":[],"class_list":{"0":"post-3182","1":"product","2":"type-product","3":"status-publish","4":"has-post-thumbnail","6":"product_brand-vegas-cosmetics-gmbh","7":"product_cat-aloe-vera","8":"product_cat-beauty-care","9":"product_cat-gesichtspflege","10":"product_cat-gigis-travel-world","11":"product_cat-hautpflege","12":"product_cat-pflegeserien","13":"product_cat-tagespflege","15":"first","16":"instock","17":"shipping-taxable","18":"product-type-external"},"_links":{"self":[{"href":"https:\/\/gigistravelworld.de\/fr\/wp-json\/wp\/v2\/product\/3182","targetHints":{"allow":["GET"]}}],"collection":[{"href":"https:\/\/gigistravelworld.de\/fr\/wp-json\/wp\/v2\/product"}],"about":[{"href":"https:\/\/gigistravelworld.de\/fr\/wp-json\/wp\/v2\/types\/product"}],"wp:featuredmedia":[{"embeddable":true,"href":"https:\/\/gigistravelworld.de\/fr\/wp-json\/wp\/v2\/media\/324"}],"wp:attachment":[{"href":"https:\/\/gigistravelworld.de\/fr\/wp-json\/wp\/v2\/media?parent=3182"}],"wp:term":[{"taxonomy":"product_brand","embeddable":true,"href":"https:\/\/gigistravelworld.de\/fr\/wp-json\/wp\/v2\/product_brand?post=3182"},{"taxonomy":"product_cat","embeddable":true,"href":"https:\/\/gigistravelworld.de\/fr\/wp-json\/wp\/v2\/product_cat?post=3182"},{"taxonomy":"product_tag","embeddable":true,"href":"https:\/\/gigistravelworld.de\/fr\/wp-json\/wp\/v2\/product_tag?post=3182"}],"curies":[{"name":"wp","href":"https:\/\/api.w.org\/{rel}","templated":true}]}}