{"id":3886,"date":"2026-03-28T17:18:04","date_gmt":"2026-03-28T17:18:04","guid":{"rendered":"https:\/\/gigistravelworld.de\/?page_id=3886"},"modified":"2026-03-28T18:18:04","modified_gmt":"2026-03-28T17:18:04","slug":"impressum","status":"publish","type":"page","link":"https:\/\/gigistravelworld.de\/fr\/impressum\/","title":{"rendered":"Mentions l\u00e9gales"},"content":{"rendered":"<p>[et_pb_section fb_built=&#8220;1&#8243; _builder_version=&#8220;4.27.5&#8243; _module_preset=&#8220;default&#8220; background_color=&#8220;#485958&#8243; global_colors_info=&#8220;{}&#8220;][et_pb_row _builder_version=&#8220;4.27.5&#8243; _module_preset=&#8220;default&#8220; global_colors_info=&#8220;{}&#8220;][et_pb_column type=&#8220;4_4&#8243; _builder_version=&#8220;4.27.5&#8243; _module_preset=&#8220;default&#8220; global_colors_info=&#8220;{}&#8220;][et_pb_heading title=&#8220;Impressum&#8220; _builder_version=&#8220;4.27.5&#8243; _module_preset=&#8220;default&#8220; title_text_color=&#8220;#9CA7AD&#8220; global_colors_info=&#8220;{}&#8220;][\/et_pb_heading][\/et_pb_column][\/et_pb_row][et_pb_row _builder_version=&#8220;4.27.5&#8243; _module_preset=&#8220;default&#8220; global_colors_info=&#8220;{}&#8220;][et_pb_column type=&#8220;4_4&#8243; _builder_version=&#8220;4.27.5&#8243; _module_preset=&#8220;default&#8220; global_colors_info=&#8220;{}&#8220;][et_pb_code _builder_version=&#8220;4.27.5&#8243; _module_preset=&#8220;default&#8220; background_color=&#8220;#E9E9E9&#8243; hover_enabled=&#8220;0&#8243; global_colors_info=&#8220;{}&#8220; sticky_enabled=&#8220;0&#8243;]<div  class=\"agb_content agb_imprint  notranslate\"><div>Gilian Gilbertz<br \/>\n108 rue Nicolas Biever<br \/>\n4807 Rodange<br \/>\nLuxemburg<br \/>\n<br \/>\nTel.: +352621481910<br \/>\nE-Mail: info@gigistravelworld.de<br \/>\n<br \/>\nUmsatzsteuer-Identifikationsnummer: LU34868370<br \/>\nUmsatzsteuerbefreit (Kleinunternehmerregelung)<br \/>\n<br \/>\nWir sind zur Teilnahme an einem Streitbeilegungsverfahren vor einer Verbraucherschlichtungsstelle weder verpflichtet noch bereit.<br \/>\n<br \/>\nZus&auml;tzliche Unternehmensinformationen:<br \/>\n<br \/>\nHandelsregister:<br \/>\nRegistre de Commerce et des Soci&eacute;t&eacute;s (RCS): A44327<br \/>\n<br \/>\nSteuerlicher Hinweis:<br \/>\nUmsatzsteuerbefreit gem&auml;&szlig; Artikel 57 des luxemburgischen Mehrwertsteuergesetzes (Loi du 12 f&eacute;vrier 1979 concernant la taxe sur la valeur ajout&eacute;e).<br \/>\n<br \/>\nSelbstst&auml;ndiger Vertriebspartner von:<br \/>\nVegas Cosmetics GmbH<br \/>\nOtto-Hahn-Stra&szlig;e 13<br \/>\nD-64823 Gro&szlig;-Umstadt<br \/>\nPartner-ID: LU52422<\/div><div id=\"itkanzlei_txt_copyright\" style=\"font-size: 12px; margin-top: 8em;\"><p>Copyright-Hinweis: Dieses Impressum wurde von den Fachanw&auml;lten der IT-Recht Kanzlei erstellt und ist urheberrechtlich gesch&uuml;tzt (<a href=\"https:\/\/www.it-recht-kanzlei.de\/\" target=\"_blank\" rel=\"nofollow noopener\">https:\/\/www.it-recht-kanzlei.de<\/a>)<\/p><p>Stand: 28.03.2026, 18:18:02<\/p><p><\/p><div style=\"clear: right;\"><\/div><\/div><\/div>[\/et_pb_code][et_pb_code _builder_version=&#8220;4.27.6&#8243; _module_preset=&#8220;default&#8220; hover_enabled=&#8220;0&#8243; sticky_enabled=&#8220;0&#8243;]<a href=\"https:\/\/www.it-recht-kanzlei.de\/\" target=\"_blank\" rel=\"nofollow noopener\"><img decoding=\"async\" src=\"https:\/\/www.it-recht-kanzlei.de\/logo\/Logo_Juristisch_betreut_durch_IT-Recht_Kanzlei.png?i=4f250-359d2-39c6-907c-1\" alt=\"Vertreten durch die IT-Recht Kanzlei\" title=\"\"><\/a>[\/et_pb_code][\/et_pb_column][\/et_pb_row][\/et_pb_section]<\/p>\n","protected":false},"excerpt":{"rendered":"<div  class=\"agb_content agb_imprint  notranslate\"><div>Gilian Gilbertz<br \/>\n108 rue Nicolas Biever<br \/>\n4807 Rodange<br \/>\nLuxembourg<br \/>\n<br \/>\nT\u00e9l. : +352621481910<br \/>\nCourriel\u00a0: info@gigistravelworld.de<br \/>\n<br \/>\nNum\u00e9ro d&#039;identification TVA : LU34868370<br \/>\nExon\u00e9ration de TVA (r\u00e9glementation pour les petites entreprises)<br \/>\n<br \/>\nNous ne sommes ni oblig\u00e9s ni dispos\u00e9s \u00e0 participer \u00e0 des proc\u00e9dures de r\u00e8glement des litiges devant un organisme d&#039;arbitrage des consommateurs.<br \/>\n<br \/>\nInformations compl\u00e9mentaires sur l&#039;entreprise\u00a0:<br \/>\n<br \/>\nRegistre du commerce :<br \/>\nRegistre de Commerce et des Soci\u00e9t\u00e9s (RCS) : A44327<br \/>\n<br \/>\nInformations fiscales :<br \/>\nExon\u00e9r\u00e9 de TVA conform\u00e9ment \u00e0 l&#039;article 57 de la loi luxembourgeoise sur la TVA (Loi du 12 f\u00e9vrier 1979 concernant la taxe sur la valeur ajout\u00e9e).<br \/>\n<br \/>\nPartenaire commercial ind\u00e9pendant de :<br \/>\nVegas Cosmetics GmbH<br \/>\nOtto-Hahn-Stra\u00dfe 13<br \/>\nD-64823 Gro\u00df-Umstadt<br \/>\nIdentifiant partenaire : LU52422<\/div><div id=\"itkanzlei_txt_copyright\" style=\"font-size: 12px; margin-top: 8em;\"><p>Avis de droit d&#039;auteur\u00a0: Cet avis juridique a \u00e9t\u00e9 r\u00e9dig\u00e9 par les avocats sp\u00e9cialis\u00e9s du cabinet d&#039;avocats sp\u00e9cialis\u00e9 en droit des technologies de l&#039;information et est prot\u00e9g\u00e9 par le droit d&#039;auteur.<a href=\"https:\/\/www.it-recht-kanzlei.de\/\" target=\"_blank\">https:\/\/www.it-recht-kanzlei.de<\/a>)<\/p><p>Le 28 mars 2026 \u00e0 18h18min02s<\/p><p><\/p><div style=\"clear: right;\"><\/div><\/div><\/div>","protected":false},"author":1,"featured_media":0,"parent":0,"menu_order":0,"comment_status":"closed","ping_status":"closed","template":"","meta":{"_et_pb_use_builder":"on","_et_pb_old_content":"","_et_gb_content_width":"","footnotes":""},"class_list":["post-3886","page","type-page","status-publish","hentry"],"_links":{"self":[{"href":"https:\/\/gigistravelworld.de\/fr\/wp-json\/wp\/v2\/pages\/3886","targetHints":{"allow":["GET"]}}],"collection":[{"href":"https:\/\/gigistravelworld.de\/fr\/wp-json\/wp\/v2\/pages"}],"about":[{"href":"https:\/\/gigistravelworld.de\/fr\/wp-json\/wp\/v2\/types\/page"}],"author":[{"embeddable":true,"href":"https:\/\/gigistravelworld.de\/fr\/wp-json\/wp\/v2\/users\/1"}],"replies":[{"embeddable":true,"href":"https:\/\/gigistravelworld.de\/fr\/wp-json\/wp\/v2\/comments?post=3886"}],"version-history":[{"count":9,"href":"https:\/\/gigistravelworld.de\/fr\/wp-json\/wp\/v2\/pages\/3886\/revisions"}],"predecessor-version":[{"id":5415,"href":"https:\/\/gigistravelworld.de\/fr\/wp-json\/wp\/v2\/pages\/3886\/revisions\/5415"}],"wp:attachment":[{"href":"https:\/\/gigistravelworld.de\/fr\/wp-json\/wp\/v2\/media?parent=3886"}],"curies":[{"name":"wp","href":"https:\/\/api.w.org\/{rel}","templated":true}]}}